{"id":4093,"date":"2025-09-29T10:22:49","date_gmt":"2025-09-29T10:22:49","guid":{"rendered":"https:\/\/czppodhale.pl\/?page_id=4093"},"modified":"2026-01-11T21:22:06","modified_gmt":"2026-01-11T21:22:06","slug":"poltyka-prywatnosci","status":"publish","type":"page","link":"https:\/\/czppodhale.pl\/index.php\/poltyka-prywatnosci\/","title":{"rendered":"Polityka prywatno\u015bci"},"content":{"rendered":"\t\t<div data-elementor-type=\"wp-page\" data-elementor-id=\"4093\" class=\"elementor elementor-4093\" data-elementor-post-type=\"page\">\n\t\t\t\t\t\t<section class=\"has_eae_slider elementor-section elementor-top-section elementor-element elementor-element-26e303e elementor-section-boxed elementor-section-height-default elementor-section-height-default\" data-eae-slider=\"8662\" data-id=\"26e303e\" data-element_type=\"section\" data-e-type=\"section\" data-settings=\"{&quot;background_background&quot;:&quot;classic&quot;}\">\n\t\t\t\t\t\t\t<div class=\"elementor-background-overlay\"><\/div>\n\t\t\t\t\t\t\t<div class=\"elementor-container elementor-column-gap-default\">\n\t\t\t\t\t<div class=\"has_eae_slider elementor-column elementor-col-50 elementor-top-column elementor-element elementor-element-41f12b0\" data-eae-slider=\"98047\" data-id=\"41f12b0\" data-element_type=\"column\" data-e-type=\"column\">\n\t\t\t<div class=\"elementor-widget-wrap elementor-element-populated\">\n\t\t\t\t\t\t<div class=\"elementor-element elementor-element-a9dc799 elementor-widget elementor-widget-page-title\" data-id=\"a9dc799\" data-element_type=\"widget\" data-e-type=\"widget\" data-widget_type=\"page-title.default\">\n\t\t\t\t<div class=\"elementor-widget-container\">\n\t\t\t\t\t\t\t\n\t\t<div class=\"hfe-page-title hfe-page-title-wrapper elementor-widget-heading\">\n\n\t\t\t\t\t\t\t\t\t\t\t<a href=\"https:\/\/czppodhale.pl\">\n\t\t\t\t\t\t<h2 class=\"elementor-heading-title elementor-size-default\">\n\t\t\t\t\t\t\t\t\n\t\t\t\tPolityka prywatno\u015bci  \n\t\t\t<\/h2 > \n\t\t\t\t\t\t\t\t\t<\/a>\n\t\t\t\t\t<\/div>\n\t\t\t\t\t\t<\/div>\n\t\t\t\t<\/div>\n\t\t\t\t<div class=\"elementor-element elementor-element-30f425b elementor-widget elementor-widget-html\" data-id=\"30f425b\" data-element_type=\"widget\" data-e-type=\"widget\" data-widget_type=\"html.default\">\n\t\t\t\t\t<div class=\"breadcrumb-link\">\r\n<a href=\"\/\">\r\nHome\r\n<\/a>\r\n<span class=\"currentm\">Polityka prywatno\u015bci<\/span>\r\n<\/div>\t\t\t\t<\/div>\n\t\t\t\t\t<\/div>\n\t\t<\/div>\n\t\t\t\t<div class=\"has_eae_slider elementor-column elementor-col-50 elementor-top-column elementor-element elementor-element-e6dad8f\" data-eae-slider=\"43814\" data-id=\"e6dad8f\" data-element_type=\"column\" data-e-type=\"column\">\n\t\t\t<div class=\"elementor-widget-wrap\">\n\t\t\t\t\t\t\t<\/div>\n\t\t<\/div>\n\t\t\t\t\t<\/div>\n\t\t<\/section>\n\t\t\t\t<section class=\"has_eae_slider elementor-section elementor-top-section elementor-element elementor-element-fd0d52b elementor-section-boxed elementor-section-height-default elementor-section-height-default\" data-eae-slider=\"83553\" data-id=\"fd0d52b\" data-element_type=\"section\" data-e-type=\"section\">\n\t\t\t\t\t\t<div class=\"elementor-container elementor-column-gap-default\">\n\t\t\t\t\t<div class=\"has_eae_slider elementor-column elementor-col-100 elementor-top-column elementor-element elementor-element-736705c\" data-eae-slider=\"16521\" data-id=\"736705c\" data-element_type=\"column\" data-e-type=\"column\">\n\t\t\t<div class=\"elementor-widget-wrap elementor-element-populated\">\n\t\t\t\t\t\t<section class=\"has_eae_slider elementor-section elementor-inner-section elementor-element elementor-element-27a4e4a elementor-section-boxed elementor-section-height-default elementor-section-height-default\" data-eae-slider=\"3949\" data-id=\"27a4e4a\" data-element_type=\"section\" data-e-type=\"section\">\n\t\t\t\t\t\t<div class=\"elementor-container elementor-column-gap-default\">\n\t\t\t\t\t<div class=\"has_eae_slider elementor-column elementor-col-100 elementor-inner-column elementor-element elementor-element-25e7d60\" data-eae-slider=\"34285\" data-id=\"25e7d60\" data-element_type=\"column\" data-e-type=\"column\">\n\t\t\t<div class=\"elementor-widget-wrap elementor-element-populated\">\n\t\t\t\t\t\t<div class=\"elementor-element elementor-element-22c05a9 elementor-widget elementor-widget-heading\" data-id=\"22c05a9\" data-element_type=\"widget\" data-e-type=\"widget\" data-widget_type=\"heading.default\">\n\t\t\t\t\t<h2 class=\"elementor-heading-title elementor-size-default\">POLITYKA PRYWATNO\u015aCI<\/h2>\t\t\t\t<\/div>\n\t\t\t\t<div class=\"elementor-element elementor-element-0266c95 elementor-widget elementor-widget-text-editor\" data-id=\"0266c95\" data-element_type=\"widget\" data-e-type=\"widget\" data-widget_type=\"text-editor.default\">\n\t\t\t\t\t\t\t\t\t<p>Strona internetowa <strong>czppodhale.pl<\/strong> korzysta wy\u0142\u0105cznie z plik\u00f3w cookies niezb\u0119dnych do jej prawid\u0142owego dzia\u0142ania. Pliki cookies to niewielkie informacje tekstowe zapisywane na urz\u0105dzeniu u\u017cytkownika podczas korzystania ze strony internetowej. S\u0105 one stosowane po to, aby zapewni\u0107 stabilne i bezpieczne funkcjonowanie serwisu oraz umo\u017cliwi\u0107 zapami\u0119tanie udzielonej zgody na korzystanie z plik\u00f3w cookies.<\/p><p>Na stronie <strong>nie s\u0105 wykorzystywane<\/strong> pliki cookies analityczne, marketingowe, reklamowe ani \u017cadne inne narz\u0119dzia \u015bledz\u0105ce aktywno\u015b\u0107 u\u017cytkownik\u00f3w. Nie prowadzimy profilowania i nie analizujemy sposobu korzystania ze strony.<\/p><p>Korzystanie przez stron\u0119 z plik\u00f3w cookies ogranicza si\u0119 wy\u0142\u0105cznie do tych element\u00f3w, kt\u00f3re s\u0105 konieczne do zapewnienia jej podstawowego dzia\u0142ania. Cookies niezb\u0119dne pozwalaj\u0105 m.in. na:<\/p><ul><li>zapami\u0119tanie wybor\u00f3w dokonanych przez u\u017cytkownika (np. zgody na cookies)<\/li><li>prawid\u0142owe wy\u015bwietlanie i funkcjonowanie strony<\/li><li>utrzymanie bezpiecze\u0144stwa dzia\u0142ania serwisu<\/li><\/ul><p>U\u017cytkownik mo\u017ce zarz\u0105dza\u0107 plikami cookies poprzez ustawienia swojej przegl\u0105darki internetowej, w tym ca\u0142kowicie je blokowa\u0107 lub usuwa\u0107. Nale\u017cy jednak pami\u0119ta\u0107, \u017ce wy\u0142\u0105czenie plik\u00f3w cookies niezb\u0119dnych mo\u017ce spowodowa\u0107 nieprawid\u0142owe dzia\u0142anie strony lub brak mo\u017cliwo\u015bci korzystania z jej wybranych funkcji.<\/p><p>Strona mo\u017ce generowa\u0107 tzw. logi serwerowe \u2013 dane techniczne, takie jak adres IP, data i czas po\u0142\u0105czenia, rodzaj przegl\u0105darki czy informacje o urz\u0105dzeniu. S\u0105 one przetwarzane wy\u0142\u0105cznie w celach technicznych, zwi\u0105zanych z zapewnieniem bezpiecze\u0144stwa i stabilno\u015bci dzia\u0142ania serwisu. Dane te nie pozwalaj\u0105 na identyfikacj\u0119 u\u017cytkownika i nie s\u0105 wykorzystywane w celach marketingowych.<\/p><p>Administratorem strony jest <strong>Podhala\u0144ski Szpital Specjalistyczny im. Jana Paw\u0142a II w Nowym Targu, ul. Szpitalna 14, 34-400 Nowy Targ.<\/strong><\/p><p>Polityka Cookies mo\u017ce by\u0107 aktualizowana w przypadku zmian prawnych, technicznych lub organizacyjnych dotycz\u0105cych dzia\u0142ania strony. Informacja o zmianach b\u0119dzie publikowana na niniejszej podstronie.<\/p><p><strong>Data aktualizacji: 18.11.2025 r.<\/strong><\/p>\t\t\t\t\t\t\t\t<\/div>\n\t\t\t\t\t<\/div>\n\t\t<\/div>\n\t\t\t\t\t<\/div>\n\t\t<\/section>\n\t\t\t\t<div class=\"elementor-element elementor-element-e26836b elementor-hidden-desktop elementor-hidden-tablet elementor-hidden-mobile elementor-headline--style-highlight elementor-widget elementor-widget-animated-headline\" data-id=\"e26836b\" data-element_type=\"widget\" data-e-type=\"widget\" data-settings=\"{&quot;marker&quot;:&quot;underline_zigzag&quot;,&quot;highlighted_text&quot;:&quot;Wkr\\u00f3tce znajdziesz tutaj tre\\u015b\\u0107&quot;,&quot;headline_style&quot;:&quot;highlight&quot;,&quot;loop&quot;:&quot;yes&quot;,&quot;highlight_animation_duration&quot;:1200,&quot;highlight_iteration_delay&quot;:8000}\" data-widget_type=\"animated-headline.default\">\n\t\t\t\t\t\t\t<h3 class=\"elementor-headline\">\n\t\t\t\t<span class=\"elementor-headline-dynamic-wrapper elementor-headline-text-wrapper\">\n\t\t\t\t\t<span class=\"elementor-headline-dynamic-text elementor-headline-text-active\">Wkr\u00f3tce znajdziesz tutaj tre\u015b\u0107<\/span>\n\t\t\t\t<\/span>\n\t\t\t\t<\/h3>\n\t\t\t\t\t\t<\/div>\n\t\t\t\t\t<\/div>\n\t\t<\/div>\n\t\t\t\t\t<\/div>\n\t\t<\/section>\n\t\t\t\t<section class=\"has_eae_slider elementor-section elementor-top-section elementor-element elementor-element-505bf05 elementor-hidden-desktop elementor-hidden-tablet elementor-hidden-mobile elementor-section-boxed elementor-section-height-default elementor-section-height-default\" data-eae-slider=\"81022\" data-id=\"505bf05\" data-element_type=\"section\" data-e-type=\"section\">\n\t\t\t\t\t\t<div class=\"elementor-container elementor-column-gap-default\">\n\t\t\t\t\t<div class=\"has_eae_slider elementor-column elementor-col-33 elementor-top-column elementor-element elementor-element-739be3a\" data-eae-slider=\"28604\" data-id=\"739be3a\" data-element_type=\"column\" data-e-type=\"column\">\n\t\t\t<div class=\"elementor-widget-wrap elementor-element-populated\">\n\t\t\t\t\t\t<section class=\"has_eae_slider elementor-section elementor-inner-section elementor-element elementor-element-18a5b48 elementor-section-boxed elementor-section-height-default elementor-section-height-default\" data-eae-slider=\"6395\" data-id=\"18a5b48\" data-element_type=\"section\" data-e-type=\"section\">\n\t\t\t\t\t\t<div class=\"elementor-container elementor-column-gap-default\">\n\t\t\t\t\t<div class=\"has_eae_slider elementor-column elementor-col-100 elementor-inner-column elementor-element elementor-element-2bcee6d\" data-eae-slider=\"44552\" data-id=\"2bcee6d\" data-element_type=\"column\" data-e-type=\"column\">\n\t\t\t<div class=\"elementor-widget-wrap elementor-element-populated\">\n\t\t\t\t\t\t<div class=\"elementor-element elementor-element-f9521dd elementor-view-stacked elementor-shape-circle elementor-widget elementor-widget-icon\" data-id=\"f9521dd\" data-element_type=\"widget\" data-e-type=\"widget\" data-widget_type=\"icon.default\">\n\t\t\t\t\t\t\t<div class=\"elementor-icon-wrapper\">\n\t\t\t<div class=\"elementor-icon\">\n\t\t\t<i aria-hidden=\"true\" class=\"icon icon-map-marker1\"><\/i>\t\t\t<\/div>\n\t\t<\/div>\n\t\t\t\t\t\t<\/div>\n\t\t\t\t<div class=\"elementor-element elementor-element-52765fc elementor-widget elementor-widget-heading\" data-id=\"52765fc\" data-element_type=\"widget\" data-e-type=\"widget\" data-widget_type=\"heading.default\">\n\t\t\t\t\t<h2 class=\"elementor-heading-title elementor-size-default\">Address<\/h2>\t\t\t\t<\/div>\n\t\t\t\t<div class=\"elementor-element elementor-element-ac5769b elementor-widget elementor-widget-heading\" data-id=\"ac5769b\" data-element_type=\"widget\" data-e-type=\"widget\" data-widget_type=\"heading.default\">\n\t\t\t\t\t<h2 class=\"elementor-heading-title elementor-size-default\">Visit to explore the world<\/h2>\t\t\t\t<\/div>\n\t\t\t\t<div class=\"elementor-element elementor-element-1569270 elementor-widget-divider--view-line elementor-widget elementor-widget-divider\" data-id=\"1569270\" data-element_type=\"widget\" data-e-type=\"widget\" data-widget_type=\"divider.default\">\n\t\t\t\t\t\t\t<div class=\"elementor-divider\">\n\t\t\t<span class=\"elementor-divider-separator\">\n\t\t\t\t\t\t<\/span>\n\t\t<\/div>\n\t\t\t\t\t\t<\/div>\n\t\t\t\t<div class=\"elementor-element elementor-element-89f4dd0 elementor-widget elementor-widget-heading\" data-id=\"89f4dd0\" data-element_type=\"widget\" data-e-type=\"widget\" data-widget_type=\"heading.default\">\n\t\t\t\t\t<h2 class=\"elementor-heading-title elementor-size-default\">4th floor, E-160, West College St. 66 Code New York, United States<\/h2>\t\t\t\t<\/div>\n\t\t\t\t\t<\/div>\n\t\t<\/div>\n\t\t\t\t\t<\/div>\n\t\t<\/section>\n\t\t\t\t\t<\/div>\n\t\t<\/div>\n\t\t\t\t<div class=\"has_eae_slider elementor-column elementor-col-33 elementor-top-column elementor-element elementor-element-7697af0\" data-eae-slider=\"23123\" data-id=\"7697af0\" data-element_type=\"column\" data-e-type=\"column\">\n\t\t\t<div class=\"elementor-widget-wrap elementor-element-populated\">\n\t\t\t\t\t\t<section class=\"has_eae_slider elementor-section elementor-inner-section elementor-element elementor-element-1f43b03 elementor-section-boxed elementor-section-height-default elementor-section-height-default\" data-eae-slider=\"36285\" data-id=\"1f43b03\" data-element_type=\"section\" data-e-type=\"section\">\n\t\t\t\t\t\t<div class=\"elementor-container elementor-column-gap-default\">\n\t\t\t\t\t<div class=\"has_eae_slider elementor-column elementor-col-100 elementor-inner-column elementor-element elementor-element-9836c9f\" data-eae-slider=\"23041\" data-id=\"9836c9f\" data-element_type=\"column\" data-e-type=\"column\">\n\t\t\t<div class=\"elementor-widget-wrap elementor-element-populated\">\n\t\t\t\t\t\t<div class=\"elementor-element elementor-element-6f97d61 elementor-view-stacked elementor-shape-circle elementor-widget elementor-widget-icon\" data-id=\"6f97d61\" data-element_type=\"widget\" data-e-type=\"widget\" data-widget_type=\"icon.default\">\n\t\t\t\t\t\t\t<div class=\"elementor-icon-wrapper\">\n\t\t\t<div class=\"elementor-icon\">\n\t\t\t<i aria-hidden=\"true\" class=\"icon icon-envelope3\"><\/i>\t\t\t<\/div>\n\t\t<\/div>\n\t\t\t\t\t\t<\/div>\n\t\t\t\t<div class=\"elementor-element elementor-element-f2dd240 elementor-widget elementor-widget-heading\" data-id=\"f2dd240\" data-element_type=\"widget\" data-e-type=\"widget\" data-widget_type=\"heading.default\">\n\t\t\t\t\t<h2 class=\"elementor-heading-title elementor-size-default\">Send a Mail<\/h2>\t\t\t\t<\/div>\n\t\t\t\t<div class=\"elementor-element elementor-element-52e42b9 elementor-widget elementor-widget-heading\" data-id=\"52e42b9\" data-element_type=\"widget\" data-e-type=\"widget\" data-widget_type=\"heading.default\">\n\t\t\t\t\t<h2 class=\"elementor-heading-title elementor-size-default\">Dont\u2019s hesitate to mail\n<\/h2>\t\t\t\t<\/div>\n\t\t\t\t<div class=\"elementor-element elementor-element-fbf2aab elementor-widget-divider--view-line elementor-widget elementor-widget-divider\" data-id=\"fbf2aab\" data-element_type=\"widget\" data-e-type=\"widget\" data-widget_type=\"divider.default\">\n\t\t\t\t\t\t\t<div class=\"elementor-divider\">\n\t\t\t<span class=\"elementor-divider-separator\">\n\t\t\t\t\t\t<\/span>\n\t\t<\/div>\n\t\t\t\t\t\t<\/div>\n\t\t\t\t<div class=\"elementor-element elementor-element-780905a elementor-widget elementor-widget-heading\" data-id=\"780905a\" data-element_type=\"widget\" data-e-type=\"widget\" data-widget_type=\"heading.default\">\n\t\t\t\t\t<h2 class=\"elementor-heading-title elementor-size-default\">career@example.com<br>\nsupport@creote.com<\/h2>\t\t\t\t<\/div>\n\t\t\t\t\t<\/div>\n\t\t<\/div>\n\t\t\t\t\t<\/div>\n\t\t<\/section>\n\t\t\t\t\t<\/div>\n\t\t<\/div>\n\t\t\t\t<div class=\"has_eae_slider elementor-column elementor-col-33 elementor-top-column elementor-element elementor-element-f1ea2d3\" data-eae-slider=\"95356\" data-id=\"f1ea2d3\" data-element_type=\"column\" data-e-type=\"column\">\n\t\t\t<div class=\"elementor-widget-wrap elementor-element-populated\">\n\t\t\t\t\t\t<section class=\"has_eae_slider elementor-section elementor-inner-section elementor-element elementor-element-a11a4b0 elementor-section-boxed elementor-section-height-default elementor-section-height-default\" data-eae-slider=\"68229\" data-id=\"a11a4b0\" data-element_type=\"section\" data-e-type=\"section\">\n\t\t\t\t\t\t<div class=\"elementor-container elementor-column-gap-default\">\n\t\t\t\t\t<div class=\"has_eae_slider elementor-column elementor-col-100 elementor-inner-column elementor-element elementor-element-29e36f1\" data-eae-slider=\"18608\" data-id=\"29e36f1\" data-element_type=\"column\" data-e-type=\"column\">\n\t\t\t<div class=\"elementor-widget-wrap elementor-element-populated\">\n\t\t\t\t\t\t<div class=\"elementor-element elementor-element-2f57cf4 elementor-view-stacked elementor-shape-circle elementor-widget elementor-widget-icon\" data-id=\"2f57cf4\" data-element_type=\"widget\" data-e-type=\"widget\" data-widget_type=\"icon.default\">\n\t\t\t\t\t\t\t<div class=\"elementor-icon-wrapper\">\n\t\t\t<div class=\"elementor-icon\">\n\t\t\t<i aria-hidden=\"true\" class=\"icon icon-phone-call2\"><\/i>\t\t\t<\/div>\n\t\t<\/div>\n\t\t\t\t\t\t<\/div>\n\t\t\t\t<div class=\"elementor-element elementor-element-a2121d4 elementor-widget elementor-widget-heading\" data-id=\"a2121d4\" data-element_type=\"widget\" data-e-type=\"widget\" data-widget_type=\"heading.default\">\n\t\t\t\t\t<h2 class=\"elementor-heading-title elementor-size-default\">Make a Call\n<\/h2>\t\t\t\t<\/div>\n\t\t\t\t<div class=\"elementor-element elementor-element-22aaa55 elementor-widget elementor-widget-heading\" data-id=\"22aaa55\" data-element_type=\"widget\" data-e-type=\"widget\" data-widget_type=\"heading.default\">\n\t\t\t\t\t<h2 class=\"elementor-heading-title elementor-size-default\">Let\u2019s talk with our experts\n<\/h2>\t\t\t\t<\/div>\n\t\t\t\t<div class=\"elementor-element elementor-element-7105f3e elementor-widget-divider--view-line elementor-widget elementor-widget-divider\" data-id=\"7105f3e\" data-element_type=\"widget\" data-e-type=\"widget\" data-widget_type=\"divider.default\">\n\t\t\t\t\t\t\t<div class=\"elementor-divider\">\n\t\t\t<span class=\"elementor-divider-separator\">\n\t\t\t\t\t\t<\/span>\n\t\t<\/div>\n\t\t\t\t\t\t<\/div>\n\t\t\t\t<div class=\"elementor-element elementor-element-043c66a elementor-widget elementor-widget-heading\" data-id=\"043c66a\" data-element_type=\"widget\" data-e-type=\"widget\" data-widget_type=\"heading.default\">\n\t\t\t\t\t<h2 class=\"elementor-heading-title elementor-size-default\">+1 (212)-****-1962<br>\n+1 (212)-****-1962<\/h2>\t\t\t\t<\/div>\n\t\t\t\t\t<\/div>\n\t\t<\/div>\n\t\t\t\t\t<\/div>\n\t\t<\/section>\n\t\t\t\t\t<\/div>\n\t\t<\/div>\n\t\t\t\t\t<\/div>\n\t\t<\/section>\n\t\t\t\t<\/div>\n\t\t<div class=\"gsp_post_data\" \r\n\t            data-post_type=\"page\" \r\n\t            data-cat=\"\" \r\n\t            data-modified=\"120\"\r\n\t            data-created=\"1759141369\"\r\n\t            data-title=\"Polityka prywatno\u015bci\" \r\n\t            data-home=\"https:\/\/czppodhale.pl\"><\/div>","protected":false},"excerpt":{"rendered":"<p>Polityka prywatno\u015bci Home Polityka prywatno\u015bci POLITYKA PRYWATNO\u015aCI Strona internetowa czppodhale.pl korzysta wy\u0142\u0105cznie z plik\u00f3w cookies niezb\u0119dnych do jej prawid\u0142owego dzia\u0142ania. Pliki cookies to niewielkie informacje tekstowe zapisywane na urz\u0105dzeniu u\u017cytkownika podczas korzystania ze strony internetowej. S\u0105 one stosowane po to, aby zapewni\u0107 stabilne i bezpieczne funkcjonowanie serwisu oraz umo\u017cliwi\u0107 zapami\u0119tanie udzielonej zgody na korzystanie z [&hellip;]<\/p>\n","protected":false},"author":1,"featured_media":0,"parent":0,"menu_order":0,"comment_status":"closed","ping_status":"closed","template":"elementor_header_footer","meta":{"_acf_changed":false,"footnotes":""},"class_list":["post-4093","page","type-page","status-publish","hentry"],"acf":[],"_links":{"self":[{"href":"https:\/\/czppodhale.pl\/index.php\/wp-json\/wp\/v2\/pages\/4093","targetHints":{"allow":["GET"]}}],"collection":[{"href":"https:\/\/czppodhale.pl\/index.php\/wp-json\/wp\/v2\/pages"}],"about":[{"href":"https:\/\/czppodhale.pl\/index.php\/wp-json\/wp\/v2\/types\/page"}],"author":[{"embeddable":true,"href":"https:\/\/czppodhale.pl\/index.php\/wp-json\/wp\/v2\/users\/1"}],"replies":[{"embeddable":true,"href":"https:\/\/czppodhale.pl\/index.php\/wp-json\/wp\/v2\/comments?post=4093"}],"version-history":[{"count":18,"href":"https:\/\/czppodhale.pl\/index.php\/wp-json\/wp\/v2\/pages\/4093\/revisions"}],"predecessor-version":[{"id":5117,"href":"https:\/\/czppodhale.pl\/index.php\/wp-json\/wp\/v2\/pages\/4093\/revisions\/5117"}],"wp:attachment":[{"href":"https:\/\/czppodhale.pl\/index.php\/wp-json\/wp\/v2\/media?parent=4093"}],"curies":[{"name":"wp","href":"https:\/\/api.w.org\/{rel}","templated":true}]}}