{"id":1930,"date":"2023-07-04T13:39:36","date_gmt":"2023-07-04T13:39:36","guid":{"rendered":"https:\/\/technowebstore.com\/plumbing-wordpress\/?page_id=1930"},"modified":"2025-11-12T19:33:25","modified_gmt":"2025-11-12T19:33:25","slug":"oferta","status":"publish","type":"page","link":"https:\/\/czppodhale.pl\/index.php\/oferta\/","title":{"rendered":"Oferta"},"content":{"rendered":"\t\t<div data-elementor-type=\"wp-page\" data-elementor-id=\"1930\" class=\"elementor elementor-1930\" data-elementor-post-type=\"page\">\n\t\t\t\t\t\t<section class=\"has_eae_slider elementor-section elementor-top-section elementor-element elementor-element-cef0430 elementor-section-boxed elementor-section-height-default elementor-section-height-default\" data-eae-slider=\"20282\" data-id=\"cef0430\" data-element_type=\"section\" data-e-type=\"section\" data-settings=\"{&quot;background_background&quot;:&quot;classic&quot;}\">\n\t\t\t\t\t\t\t<div class=\"elementor-background-overlay\"><\/div>\n\t\t\t\t\t\t\t<div class=\"elementor-container elementor-column-gap-default\">\n\t\t\t\t\t<div class=\"has_eae_slider elementor-column elementor-col-50 elementor-top-column elementor-element elementor-element-4e7ad62\" data-eae-slider=\"90242\" data-id=\"4e7ad62\" data-element_type=\"column\" data-e-type=\"column\">\n\t\t\t<div class=\"elementor-widget-wrap elementor-element-populated\">\n\t\t\t\t\t\t<div class=\"elementor-element elementor-element-3510356 elementor-widget elementor-widget-page-title\" data-id=\"3510356\" data-element_type=\"widget\" data-e-type=\"widget\" data-widget_type=\"page-title.default\">\n\t\t\t\t<div class=\"elementor-widget-container\">\n\t\t\t\t\t\t\t\n\t\t<div class=\"hfe-page-title hfe-page-title-wrapper elementor-widget-heading\">\n\n\t\t\t\t\t\t\t\t\t\t\t<a href=\"https:\/\/czppodhale.pl\">\n\t\t\t\t\t\t<h2 class=\"elementor-heading-title elementor-size-default\">\n\t\t\t\t\t\t\t\t\n\t\t\t\tOferta  \n\t\t\t<\/h2 > \n\t\t\t\t\t\t\t\t\t<\/a>\n\t\t\t\t\t<\/div>\n\t\t\t\t\t\t<\/div>\n\t\t\t\t<\/div>\n\t\t\t\t<div class=\"elementor-element elementor-element-d5e9c75 elementor-widget elementor-widget-html\" data-id=\"d5e9c75\" data-element_type=\"widget\" data-e-type=\"widget\" data-widget_type=\"html.default\">\n\t\t\t\t\t<div class=\"breadcrumb-link\">\r\n<a href=\"\/\">\r\nHome\r\n<\/a>\r\n<span class=\"currentm\">Oferta<\/span>\r\n<\/div>\t\t\t\t<\/div>\n\t\t\t\t\t<\/div>\n\t\t<\/div>\n\t\t\t\t<div class=\"has_eae_slider elementor-column elementor-col-50 elementor-top-column elementor-element elementor-element-81c4dcc\" data-eae-slider=\"34016\" data-id=\"81c4dcc\" data-element_type=\"column\" data-e-type=\"column\">\n\t\t\t<div class=\"elementor-widget-wrap\">\n\t\t\t\t\t\t\t<\/div>\n\t\t<\/div>\n\t\t\t\t\t<\/div>\n\t\t<\/section>\n\t\t\t\t<section class=\"has_eae_slider elementor-section elementor-top-section elementor-element elementor-element-4d76aca elementor-section-boxed elementor-section-height-default elementor-section-height-default\" data-eae-slider=\"82453\" data-id=\"4d76aca\" data-element_type=\"section\" data-e-type=\"section\">\n\t\t\t\t\t\t<div class=\"elementor-container elementor-column-gap-default\">\n\t\t\t\t\t<div class=\"has_eae_slider elementor-column elementor-col-100 elementor-top-column elementor-element elementor-element-ebf24eb\" data-eae-slider=\"31292\" data-id=\"ebf24eb\" data-element_type=\"column\" data-e-type=\"column\">\n\t\t\t<div class=\"elementor-widget-wrap elementor-element-populated\">\n\t\t\t\t\t\t<section class=\"has_eae_slider elementor-section elementor-inner-section elementor-element elementor-element-c68014c elementor-section-boxed elementor-section-height-default elementor-section-height-default\" data-eae-slider=\"2942\" data-id=\"c68014c\" data-element_type=\"section\" data-e-type=\"section\">\n\t\t\t\t\t\t<div class=\"elementor-container elementor-column-gap-default\">\n\t\t\t\t\t<div class=\"has_eae_slider elementor-column elementor-col-100 elementor-inner-column elementor-element elementor-element-94be9d7\" data-eae-slider=\"26811\" data-id=\"94be9d7\" data-element_type=\"column\" data-e-type=\"column\">\n\t\t\t<div class=\"elementor-widget-wrap elementor-element-populated\">\n\t\t\t\t\t\t<div class=\"elementor-element elementor-element-ef1ae57 elementor-widget elementor-widget-heading\" data-id=\"ef1ae57\" data-element_type=\"widget\" data-e-type=\"widget\" data-widget_type=\"heading.default\">\n\t\t\t\t\t<h5 class=\"elementor-heading-title elementor-size-default\">Oferta<\/h5>\t\t\t\t<\/div>\n\t\t\t\t<div class=\"elementor-element elementor-element-e34bf53 elementor-widget elementor-widget-heading\" data-id=\"e34bf53\" data-element_type=\"widget\" data-e-type=\"widget\" data-widget_type=\"heading.default\">\n\t\t\t\t\t<h2 class=\"elementor-heading-title elementor-size-default\">Sprawd\u017a z jakiego rodzaju us\u0142ug mo\u017cesz skorzysta\u0107<\/h2>\t\t\t\t<\/div>\n\t\t\t\t\t<\/div>\n\t\t<\/div>\n\t\t\t\t\t<\/div>\n\t\t<\/section>\n\t\t\t\t<section class=\"has_eae_slider elementor-section elementor-inner-section elementor-element elementor-element-9a4a4b2 elementor-section-boxed elementor-section-height-default elementor-section-height-default\" data-eae-slider=\"92916\" data-id=\"9a4a4b2\" data-element_type=\"section\" data-e-type=\"section\">\n\t\t\t\t\t\t<div class=\"elementor-container elementor-column-gap-default\">\n\t\t\t\t\t<div class=\"has_eae_slider elementor-column elementor-col-100 elementor-inner-column elementor-element elementor-element-3254089\" data-eae-slider=\"26930\" data-id=\"3254089\" data-element_type=\"column\" data-e-type=\"column\">\n\t\t\t<div class=\"elementor-widget-wrap elementor-element-populated\">\n\t\t\t\t\t\t<div class=\"elementor-element elementor-element-70efefb elementor-widget elementor-widget-shortcode\" data-id=\"70efefb\" data-element_type=\"widget\" data-e-type=\"widget\" data-widget_type=\"shortcode.default\">\n\t\t\t\t\t\t\t<div class=\"elementor-shortcode\">\n\n\n         \n                <div class=\"row\">\n                 \n\n            \n\t\t\t\n<div class=\"col-xl-4 col-lg-4 col-md-6 col-sm-6 mb-25 service service-style-4\">\n  <div class=\"featured-imagebox featured-imagebox-services style1\">\n\t\t\t<!-- featured-thumbnail -->\n\t\t\t<div class=\"featured-thumbnail\">\n\t\t\t    \t<a href=\"https:\/\/czppodhale.pl\/index.php\/service\/punkty-zgloszeniowo-koordynacyjne\/\" >\n\t\t\t\t    <img decoding=\"async\" class=\"img-fluid\" src=\"https:\/\/czppodhale.pl\/wp-content\/uploads\/2025\/11\/DSC_8610_450x559.jpg\" alt=\"image\">\n\t\t\t\t   <\/a> \n\t\t\t<\/div><!-- featured-thumbnail end-->\n\t\t\t<div class=\"featured-content\">\n\t\t\t\t<div class=\"item-content\">\n\t\t\t\t\t<div class=\"featured-title\">\n\t\t\t\t\t\t<h3><a href=\"https:\/\/czppodhale.pl\/index.php\/service\/punkty-zgloszeniowo-koordynacyjne\/\" tabindex=\"0\">Punkty zg\u0142oszeniowo-koordynacyjne<\/a><\/h3>\n\t\t\t\t\t<\/div>\n\t\t\t\t\t<div class=\"featured-desc\">\n\t\t\t\t\t\t<p>Nowy Targ, Rabka Zdr\u00f3j, Zakopane.<\/p>\n\t\t\t\t\t<\/div>\n\t\t\t\t<\/div>\n\t\t\t\t<div class=\"prt-icon-box\">\n\t\t\t\t\t<a href=\"https:\/\/czppodhale.pl\/index.php\/service\/punkty-zgloszeniowo-koordynacyjne\/\" ><i class=\"icon icon-right-arrow2\"><\/i><\/a>\n\t\t\t\t<\/div>\n\t\t\t<\/div>\n\t\t<\/div>\n<\/div>\n \n         \n\t\t\t\t\t\n\n            \n\t\t\t\n<div class=\"col-xl-4 col-lg-4 col-md-6 col-sm-6 mb-25 service service-style-4\">\n  <div class=\"featured-imagebox featured-imagebox-services style1\">\n\t\t\t<!-- featured-thumbnail -->\n\t\t\t<div class=\"featured-thumbnail\">\n\t\t\t    \t<a href=\"https:\/\/czppodhale.pl\/index.php\/service\/oddzial-psychiatrii-calodobowy\/\" >\n\t\t\t\t    <img decoding=\"async\" class=\"img-fluid\" src=\"https:\/\/czppodhale.pl\/wp-content\/uploads\/2024\/09\/calodobowy-psychiatrii-naglowek_450x559.png\" alt=\"image\">\n\t\t\t\t   <\/a> \n\t\t\t<\/div><!-- featured-thumbnail end-->\n\t\t\t<div class=\"featured-content\">\n\t\t\t\t<div class=\"item-content\">\n\t\t\t\t\t<div class=\"featured-title\">\n\t\t\t\t\t\t<h3><a href=\"https:\/\/czppodhale.pl\/index.php\/service\/oddzial-psychiatrii-calodobowy\/\" tabindex=\"0\">Oddzia\u0142 psychiatrii (ca\u0142odobowy)<\/a><\/h3>\n\t\t\t\t\t<\/div>\n\t\t\t\t\t<div class=\"featured-desc\">\n\t\t\t\t\t\t<p>Kompleksowa diagnostyka i leczenie<\/p>\n\t\t\t\t\t<\/div>\n\t\t\t\t<\/div>\n\t\t\t\t<div class=\"prt-icon-box\">\n\t\t\t\t\t<a href=\"https:\/\/czppodhale.pl\/index.php\/service\/oddzial-psychiatrii-calodobowy\/\" ><i class=\"icon icon-right-arrow2\"><\/i><\/a>\n\t\t\t\t<\/div>\n\t\t\t<\/div>\n\t\t<\/div>\n<\/div>\n \n         \n\t\t\t\t\t\n\n            \n\t\t\t\n<div class=\"col-xl-4 col-lg-4 col-md-6 col-sm-6 mb-25 service service-style-4\">\n  <div class=\"featured-imagebox featured-imagebox-services style1\">\n\t\t\t<!-- featured-thumbnail -->\n\t\t\t<div class=\"featured-thumbnail\">\n\t\t\t    \t<a href=\"https:\/\/czppodhale.pl\/index.php\/service\/oddzialy-dzienne-psychiatrii\/\" >\n\t\t\t\t    <img decoding=\"async\" class=\"img-fluid\" src=\"https:\/\/czppodhale.pl\/wp-content\/uploads\/2025\/11\/DSC_8665_450x559.jpg\" alt=\"image\">\n\t\t\t\t   <\/a> \n\t\t\t<\/div><!-- featured-thumbnail end-->\n\t\t\t<div class=\"featured-content\">\n\t\t\t\t<div class=\"item-content\">\n\t\t\t\t\t<div class=\"featured-title\">\n\t\t\t\t\t\t<h3><a href=\"https:\/\/czppodhale.pl\/index.php\/service\/oddzialy-dzienne-psychiatrii\/\" tabindex=\"0\">Oddzia\u0142y dzienne psychiatrii<\/a><\/h3>\n\t\t\t\t\t<\/div>\n\t\t\t\t\t<div class=\"featured-desc\">\n\t\t\t\t\t\t<p>Zaj\u0119cia od poniedzia\u0142ku do pi\u0105tku, trwaj\u0105ce 5 godzin dziennie, przez 12 tygodni.<\/p>\n\t\t\t\t\t<\/div>\n\t\t\t\t<\/div>\n\t\t\t\t<div class=\"prt-icon-box\">\n\t\t\t\t\t<a href=\"https:\/\/czppodhale.pl\/index.php\/service\/oddzialy-dzienne-psychiatrii\/\" ><i class=\"icon icon-right-arrow2\"><\/i><\/a>\n\t\t\t\t<\/div>\n\t\t\t<\/div>\n\t\t<\/div>\n<\/div>\n \n         \n\t\t\t\t\t\n\n            \n\t\t\t\n<div class=\"col-xl-4 col-lg-4 col-md-6 col-sm-6 mb-25 service service-style-4\">\n  <div class=\"featured-imagebox featured-imagebox-services style1\">\n\t\t\t<!-- featured-thumbnail -->\n\t\t\t<div class=\"featured-thumbnail\">\n\t\t\t    \t<a href=\"https:\/\/czppodhale.pl\/index.php\/service\/zespoly-leczenia-srodowiskowego\/\" >\n\t\t\t\t    <img decoding=\"async\" class=\"img-fluid\" src=\"https:\/\/czppodhale.pl\/wp-content\/uploads\/2025\/11\/DSC_8666_450x559.jpg\" alt=\"image\">\n\t\t\t\t   <\/a> \n\t\t\t<\/div><!-- featured-thumbnail end-->\n\t\t\t<div class=\"featured-content\">\n\t\t\t\t<div class=\"item-content\">\n\t\t\t\t\t<div class=\"featured-title\">\n\t\t\t\t\t\t<h3><a href=\"https:\/\/czppodhale.pl\/index.php\/service\/zespoly-leczenia-srodowiskowego\/\" tabindex=\"0\">Zespo\u0142y leczenia \u015brodowiskowego<\/a><\/h3>\n\t\t\t\t\t<\/div>\n\t\t\t\t\t<div class=\"featured-desc\">\n\t\t\t\t\t\t<p>Wizyty lekarza, piel\u0119gniarki lub terapeuty \u015brodowiskowego w domu pacjenta.<\/p>\n\t\t\t\t\t<\/div>\n\t\t\t\t<\/div>\n\t\t\t\t<div class=\"prt-icon-box\">\n\t\t\t\t\t<a href=\"https:\/\/czppodhale.pl\/index.php\/service\/zespoly-leczenia-srodowiskowego\/\" ><i class=\"icon icon-right-arrow2\"><\/i><\/a>\n\t\t\t\t<\/div>\n\t\t\t<\/div>\n\t\t<\/div>\n<\/div>\n \n         \n\t\t\t\t\t\n\n            \n\t\t\t\n<div class=\"col-xl-4 col-lg-4 col-md-6 col-sm-6 mb-25 service service-style-4\">\n  <div class=\"featured-imagebox featured-imagebox-services style1\">\n\t\t\t<!-- featured-thumbnail -->\n\t\t\t<div class=\"featured-thumbnail\">\n\t\t\t    \t<a href=\"https:\/\/czppodhale.pl\/index.php\/service\/kluby-pacjenta\/\" >\n\t\t\t\t    <img decoding=\"async\" class=\"img-fluid\" src=\"https:\/\/czppodhale.pl\/wp-content\/uploads\/2025\/11\/DSC_9343_450x559.jpg\" alt=\"image\">\n\t\t\t\t   <\/a> \n\t\t\t<\/div><!-- featured-thumbnail end-->\n\t\t\t<div class=\"featured-content\">\n\t\t\t\t<div class=\"item-content\">\n\t\t\t\t\t<div class=\"featured-title\">\n\t\t\t\t\t\t<h3><a href=\"https:\/\/czppodhale.pl\/index.php\/service\/kluby-pacjenta\/\" tabindex=\"0\">Kluby Pacjenta<\/a><\/h3>\n\t\t\t\t\t<\/div>\n\t\t\t\t\t<div class=\"featured-desc\">\n\t\t\t\t\t\t<p>Miejsce, gdzie pacjenci mog\u0105 skorzysta\u0107 z r\u00f3\u017cnych aktywno\u015bci<\/p>\n\t\t\t\t\t<\/div>\n\t\t\t\t<\/div>\n\t\t\t\t<div class=\"prt-icon-box\">\n\t\t\t\t\t<a href=\"https:\/\/czppodhale.pl\/index.php\/service\/kluby-pacjenta\/\" ><i class=\"icon icon-right-arrow2\"><\/i><\/a>\n\t\t\t\t<\/div>\n\t\t\t<\/div>\n\t\t<\/div>\n<\/div>\n \n         \n\t\t\t\t\t\n\n            \n\t\t\t\n<div class=\"col-xl-4 col-lg-4 col-md-6 col-sm-6 mb-25 service service-style-4\">\n  <div class=\"featured-imagebox featured-imagebox-services style1\">\n\t\t\t<!-- featured-thumbnail -->\n\t\t\t<div class=\"featured-thumbnail\">\n\t\t\t    \t<a href=\"https:\/\/czppodhale.pl\/index.php\/service\/poradnie-zdrowia-psychicznego\/\" >\n\t\t\t\t    <img decoding=\"async\" class=\"img-fluid\" src=\"https:\/\/czppodhale.pl\/wp-content\/uploads\/2025\/11\/2_450x559.jpg\" alt=\"image\">\n\t\t\t\t   <\/a> \n\t\t\t<\/div><!-- featured-thumbnail end-->\n\t\t\t<div class=\"featured-content\">\n\t\t\t\t<div class=\"item-content\">\n\t\t\t\t\t<div class=\"featured-title\">\n\t\t\t\t\t\t<h3><a href=\"https:\/\/czppodhale.pl\/index.php\/service\/poradnie-zdrowia-psychicznego\/\" tabindex=\"0\">Poradnie zdrowia psychicznego<\/a><\/h3>\n\t\t\t\t\t<\/div>\n\t\t\t\t\t<div class=\"featured-desc\">\n\t\t\t\t\t\t<p>Wizyty u lekarza psychiatry, wsparcie psychologiczne, psychoterapia indywidualna, grupy wsparcia.<\/p>\n\t\t\t\t\t<\/div>\n\t\t\t\t<\/div>\n\t\t\t\t<div class=\"prt-icon-box\">\n\t\t\t\t\t<a href=\"https:\/\/czppodhale.pl\/index.php\/service\/poradnie-zdrowia-psychicznego\/\" ><i class=\"icon icon-right-arrow2\"><\/i><\/a>\n\t\t\t\t<\/div>\n\t\t\t<\/div>\n\t\t<\/div>\n<\/div>\n \n         \n\t\t\t\t\t\n<\/div>\n \n<\/div>\n\t\t\t\t\t\t<\/div>\n\t\t\t\t\t<\/div>\n\t\t<\/div>\n\t\t\t\t\t<\/div>\n\t\t<\/section>\n\t\t\t\t\t<\/div>\n\t\t<\/div>\n\t\t\t\t\t<\/div>\n\t\t<\/section>\n\t\t\t\t<\/div>\n\t\t<div class=\"gsp_post_data\" \r\n\t            data-post_type=\"service\" \r\n\t            data-cat=\"\" \r\n\t            data-modified=\"120\"\r\n\t            data-created=\"1726651863\"\r\n\t            data-title=\"Poradnie zdrowia psychicznego\" \r\n\t            data-home=\"https:\/\/czppodhale.pl\"><\/div>","protected":false},"excerpt":{"rendered":"<p>Oferta Home Oferta Oferta Sprawd\u017a z jakiego rodzaju us\u0142ug mo\u017cesz skorzysta\u0107<\/p>\n","protected":false},"author":1,"featured_media":0,"parent":0,"menu_order":0,"comment_status":"closed","ping_status":"closed","template":"elementor_header_footer","meta":{"_acf_changed":false,"footnotes":""},"class_list":["post-1930","page","type-page","status-publish","hentry"],"acf":[],"_links":{"self":[{"href":"https:\/\/czppodhale.pl\/index.php\/wp-json\/wp\/v2\/pages\/1930","targetHints":{"allow":["GET"]}}],"collection":[{"href":"https:\/\/czppodhale.pl\/index.php\/wp-json\/wp\/v2\/pages"}],"about":[{"href":"https:\/\/czppodhale.pl\/index.php\/wp-json\/wp\/v2\/types\/page"}],"author":[{"embeddable":true,"href":"https:\/\/czppodhale.pl\/index.php\/wp-json\/wp\/v2\/users\/1"}],"replies":[{"embeddable":true,"href":"https:\/\/czppodhale.pl\/index.php\/wp-json\/wp\/v2\/comments?post=1930"}],"version-history":[{"count":31,"href":"https:\/\/czppodhale.pl\/index.php\/wp-json\/wp\/v2\/pages\/1930\/revisions"}],"predecessor-version":[{"id":4240,"href":"https:\/\/czppodhale.pl\/index.php\/wp-json\/wp\/v2\/pages\/1930\/revisions\/4240"}],"wp:attachment":[{"href":"https:\/\/czppodhale.pl\/index.php\/wp-json\/wp\/v2\/media?parent=1930"}],"curies":[{"name":"wp","href":"https:\/\/api.w.org\/{rel}","templated":true}]}}